{"id":827,"date":"2024-08-20T14:49:11","date_gmt":"2024-08-20T18:49:11","guid":{"rendered":"https:\/\/laflambeedescouleurs.ca\/navette\/"},"modified":"2025-09-08T21:02:47","modified_gmt":"2025-09-09T01:02:47","slug":"shuttle","status":"publish","type":"page","link":"https:\/\/laflambeedescouleurs.ca\/en\/shuttle\/","title":{"rendered":"Shuttle"},"content":{"rendered":"\n<section class=\"wp-block-chacha-gutenberg-header block-7e3fca32-abac-4c37-98e2-8bbcff1e69e7\" data-attributes=\"{&quot;sectionId&quot;:&quot;7e3fca32-abac-4c37-98e2-8bbcff1e69e7&quot;,&quot;openPopupId&quot;:&quot;&quot;}\"><\/section>\n\n\n\n<div class=\"wp-block-columns is-layout-flex wp-container-core-columns-is-layout-13fabc66 wp-block-columns-is-layout-flex\" style=\"padding-right:6%;padding-left:6%\">\n<div class=\"wp-block-column is-layout-constrained wp-container-core-column-is-layout-704e782a wp-block-column-is-layout-constrained\" style=\"flex-basis:100%\">\n<h1 class=\"wp-block-heading has-text-align-center\">Montez \u00e0 bord de la navette<\/h1>\n\n\n\n<figure class=\"wp-block-image size-full\"><img loading=\"lazy\" decoding=\"async\" width=\"2000\" height=\"564\" src=\"https:\/\/laflambeedescouleurs.ca\/wp-content\/uploads\/2025\/09\/horaire-2025-1.png\" alt=\"\" class=\"wp-image-942\" srcset=\"https:\/\/laflambeedescouleurs.ca\/wp-content\/uploads\/2025\/09\/horaire-2025-1.png 2000w, https:\/\/laflambeedescouleurs.ca\/wp-content\/uploads\/2025\/09\/horaire-2025-1-84x24.png 84w\" sizes=\"auto, (max-width: 2000px) 100vw, 2000px\" \/><\/figure>\n\n\n\n<p class=\"has-text-align-center\">La navette se rend en boucle aux 5 arr\u00eats. Le trajet complet prend 1 h 15. *&nbsp;Dernier arr\u00eat \u00e0 ce point d\u2019embarquement.<\/p>\n\n\n\n<div style=\"height:50px\" aria-hidden=\"true\" class=\"wp-block-spacer\"><\/div>\n\n\n\n<div class=\"wp-block-columns is-layout-flex wp-container-core-columns-is-layout-2d3620f0 wp-block-columns-is-layout-flex\" style=\"padding-right:0%;padding-left:0%\">\n<div class=\"wp-block-column is-layout-flow wp-block-column-is-layout-flow\">\n<p><strong>1<br>Parc national du Mont-Orford<\/strong><br>Centre de services le cerisier (S\u00e9paq)<\/p>\n\n\n\n<p><strong>2<\/strong><br><strong>Marais de la Rivi\u00e8re-aux-Cerises<\/strong><br>Centre d\u2019interpr\u00e9tation<\/p>\n\n\n\n<p><strong>3<br>Parc de la baie-de-Magog<\/strong> <br>Devant la mosa\u00efculture Memphr\u00e9<\/p>\n\n\n\n<p><strong>4<br>Municipalit\u00e9 d\u2019Orford<\/strong><br>Stationnement rue du March\u00e9<\/p>\n\n\n\n<p><strong>5<br>Station de ski Mont-Orford<\/strong><br>Stationnement P1, pr\u00e8s du chalet principal<\/p>\n<\/div>\n\n\n\n<div class=\"wp-block-column is-layout-flow wp-block-column-is-layout-flow\">\n<figure class=\"wp-block-image size-full\"><img loading=\"lazy\" decoding=\"async\" width=\"2000\" height=\"1927\" src=\"https:\/\/laflambeedescouleurs.ca\/wp-content\/uploads\/2025\/09\/Carte-2025-1.png\" alt=\"\" class=\"wp-image-944\" srcset=\"https:\/\/laflambeedescouleurs.ca\/wp-content\/uploads\/2025\/09\/Carte-2025-1.png 2000w, https:\/\/laflambeedescouleurs.ca\/wp-content\/uploads\/2025\/09\/Carte-2025-1-84x81.png 84w\" sizes=\"auto, (max-width: 2000px) 100vw, 2000px\" \/><\/figure>\n<\/div>\n<\/div>\n<\/div>\n<\/div>\n\n\n\n<div style=\"height:50px\" aria-hidden=\"true\" class=\"wp-block-spacer\"><\/div>\n\n\n\n<div class=\"wp-block-columns has-orange-background-color has-background is-layout-flex wp-container-core-columns-is-layout-026d0f21 wp-block-columns-is-layout-flex\" style=\"padding-top:6%;padding-right:6%;padding-bottom:6%;padding-left:6%\">\n<div class=\"wp-block-column is-layout-flow wp-block-column-is-layout-flow\" style=\"flex-basis:100%\">\n<p class=\"has-text-align-center has-white-color has-text-color has-link-color wp-elements-a66ea17409691fdbc8ac4ca5a7c84908\"><strong>La Flamb\u00e9e des couleurs Magog-Orford vous encourage \u00e0 adopter la mobilit\u00e9 durable.<\/strong><\/p>\n<\/div>\n<\/div>\n\n\n\n<section class=\"wp-block-chacha-gutenberg-footer block-802e1806-5375-4cbd-8271-ade6966e0a85\" data-attributes=\"{&quot;sectionId&quot;:&quot;802e1806-5375-4cbd-8271-ade6966e0a85&quot;,&quot;openPopupId&quot;:&quot;&quot;}\"><\/section>\n","protected":false},"excerpt":{"rendered":"<p>Montez \u00e0 bord de la navette La navette se rend en boucle aux 5 arr\u00eats. Le trajet complet prend 1 h 15. *&nbsp;Dernier arr\u00eat \u00e0 ce point d\u2019embarquement. 1Parc national du Mont-OrfordCentre de services le cerisier (S\u00e9paq) 2Marais de la Rivi\u00e8re-aux-CerisesCentre d\u2019interpr\u00e9tation 3Parc de la baie-de-Magog Devant la mosa\u00efculture Memphr\u00e9 4Municipalit\u00e9 d\u2019OrfordStationnement rue du March\u00e9 [&hellip;]<\/p>\n","protected":false},"author":3,"featured_media":0,"parent":0,"menu_order":0,"comment_status":"closed","ping_status":"closed","template":"","meta":{"_acf_changed":false,"_seopress_robots_primary_cat":"","_seopress_titles_title":"","_seopress_titles_desc":"","_seopress_robots_index":"","footnotes":""},"class_list":["post-827","page","type-page","status-publish","hentry"],"acf":[],"_links":{"self":[{"href":"https:\/\/laflambeedescouleurs.ca\/en\/wp-json\/wp\/v2\/pages\/827","targetHints":{"allow":["GET"]}}],"collection":[{"href":"https:\/\/laflambeedescouleurs.ca\/en\/wp-json\/wp\/v2\/pages"}],"about":[{"href":"https:\/\/laflambeedescouleurs.ca\/en\/wp-json\/wp\/v2\/types\/page"}],"author":[{"embeddable":true,"href":"https:\/\/laflambeedescouleurs.ca\/en\/wp-json\/wp\/v2\/users\/3"}],"replies":[{"embeddable":true,"href":"https:\/\/laflambeedescouleurs.ca\/en\/wp-json\/wp\/v2\/comments?post=827"}],"version-history":[{"count":5,"href":"https:\/\/laflambeedescouleurs.ca\/en\/wp-json\/wp\/v2\/pages\/827\/revisions"}],"predecessor-version":[{"id":947,"href":"https:\/\/laflambeedescouleurs.ca\/en\/wp-json\/wp\/v2\/pages\/827\/revisions\/947"}],"wp:attachment":[{"href":"https:\/\/laflambeedescouleurs.ca\/en\/wp-json\/wp\/v2\/media?parent=827"}],"curies":[{"name":"wp","href":"https:\/\/api.w.org\/{rel}","templated":true}]}}