{"id":568,"date":"2023-05-18T10:55:23","date_gmt":"2023-05-18T14:55:23","guid":{"rendered":"https:\/\/laflambeedescouleurs.ca\/politique-de-confidentialite\/"},"modified":"2023-09-18T13:57:22","modified_gmt":"2023-09-18T17:57:22","slug":"privacy-policy","status":"publish","type":"page","link":"https:\/\/laflambeedescouleurs.ca\/en\/privacy-policy\/","title":{"rendered":"Privacy Policy"},"content":{"rendered":"\n<section class=\"wp-block-chacha-gutenberg-header block-5fea7c06-bad0-49f1-b731-7c1e2ad457e6\" data-attributes=\"{&quot;sectionId&quot;:&quot;5fea7c06-bad0-49f1-b731-7c1e2ad457e6&quot;}\"><\/section>\n\n\n\n<div class=\"wp-block-columns is-layout-flex wp-container-core-columns-is-layout-28f84493 wp-block-columns-is-layout-flex\">\n<div class=\"wp-block-column is-content-justification-center is-layout-constrained wp-container-core-column-is-layout-0bdf69b2 wp-block-column-is-layout-constrained\" style=\"padding-top:0;padding-right:var(--wp--preset--spacing--20);padding-bottom:0;padding-left:var(--wp--preset--spacing--20);flex-basis:100%\">\n<h1 class=\"wp-block-heading\">Privacy Policy<\/h1>\n\n\n\n<p class=\"has-link-color wp-elements-030a3ad82ec094f50feb9b54d7b23772\">This policy applies to the following site: <a href=\"https:\/\/laflambeedescouleurs.ca\/en\/\">https:\/\/laflambeedescouleurs.ca\/<\/a>.<\/p>\n\n\n\n<p>Last updated: May 15, 2023<\/p>\n\n\n\n<p><strong>Your privacy is of the utmost importance to La Flamb\u00e9e des couleurs Magog-Orford, which is responsible for this site.<\/strong><\/p>\n\n\n\n<p>laflamb\u00e9edescouleurs.ca contains links to external sites. La Flamb\u00e9e is not responsible for the privacy practices or content of such sites.<\/p>\n\n\n\n<h2 class=\"wp-block-heading has-h-3-font-size\">Log files and cookies<\/h2>\n\n\n\n<p>We collect certain data through log files and cookies. These log files and cookies enable us to process statistics and traffic information, facilitate site navigation and improve service for your convenience.<\/p>\n\n\n\n<h3 class=\"wp-block-heading has-h-5-font-size\">A. Description of cookies used by the site<\/h3>\n\n\n\n<p>These include the following data:<\/p>\n\n\n\n<ul class=\"wp-block-list\">\n<li>IP address<\/li>\n\n\n\n<li>operating system<\/li>\n\n\n\n<li>device type and model<\/li>\n\n\n\n<li>device screen resolution<\/li>\n\n\n\n<li>browser type and language<\/li>\n\n\n\n<li>region or municipality, based on IP address<\/li>\n\n\n\n<li>point of origin (e.g. banner, email, social network, etc.)<\/li>\n\n\n\n<li>pages visited on <a href=\"https:\/\/laflambeedescouleurs.ca\/en\/\"><mark style=\"background-color:rgba(0, 0, 0, 0)\" class=\"has-inline-color has-violet-color\">laflambeedescouleurs.ca<\/mark><\/a><\/li>\n<\/ul>\n\n\n\n<p>The use of these files allows us to achieve the following objectives:<\/p>\n\n\n\n<ul class=\"wp-block-list\">\n<li>Statistical studies<\/li>\n<\/ul>\n\n\n\n<h3 class=\"wp-block-heading has-h-5-font-size\">B. Opposition to the site\u2019s use of cookies<\/h3>\n\n\n\n<p>You may refuse to accept cookies by configuring your browser software or at the moment when your consent is requested on our website.<\/p>\n\n\n\n<p>If you decide to deactivate cookies, you will still be able to browse the site. However, we cannot be held responsible for any ensuing malfunction of the site.<\/p>\n\n\n\n<h2 class=\"wp-block-heading has-h-3-font-size\"><strong>Conditions for modifications to the privacy policy<\/strong><\/h2>\n\n\n\n<p class=\"has-link-color wp-elements-17e60e6bb8cf667bf5c209615decf5bb\">This privacy policy may be consulted at any time at the following address: <a href=\"https:\/\/www.laflambeedescouleurs.ca\/en\/privacy-policy\">https:\/\/www.laflambeedescouleurs.ca\/en\/privacy-policy<\/a>.<\/p>\n\n\n\n<p>We reserve the right to modify the privacy policy to ensure its compliance with current legislation.<\/p>\n\n\n\n<p>You are invited to consult this privacy policy regularly to keep informed of the latest changes.<\/p>\n<\/div>\n<\/div>\n\n\n\n<section class=\"wp-block-chacha-gutenberg-footer block-3b177fa8-fd3c-4f24-ae8e-285164f636bb\" data-attributes=\"{&quot;sectionId&quot;:&quot;3b177fa8-fd3c-4f24-ae8e-285164f636bb&quot;}\"><\/section>\n","protected":false},"excerpt":{"rendered":"<p>Privacy Policy This policy applies to the following site: https:\/\/laflambeedescouleurs.ca\/. Last updated: May 15, 2023 Your privacy is of the utmost importance to La Flamb\u00e9e des couleurs Magog-Orford, which is responsible for this site. laflamb\u00e9edescouleurs.ca contains links to external sites. La Flamb\u00e9e is not responsible for the privacy practices or content of such sites. Log [&hellip;]<\/p>\n","protected":false},"author":4,"featured_media":425,"parent":0,"menu_order":0,"comment_status":"closed","ping_status":"closed","template":"","meta":{"_acf_changed":false,"_seopress_robots_primary_cat":"","_seopress_titles_title":"Privacy Policy | La flamb\u00e9e des couleurs","_seopress_titles_desc":"Your privacy is of the utmost importance to us. Please refer to our privacy policy to understand how your personal information is handled. ","_seopress_robots_index":"","footnotes":""},"class_list":["post-568","page","type-page","status-publish","has-post-thumbnail","hentry"],"acf":[],"_links":{"self":[{"href":"https:\/\/laflambeedescouleurs.ca\/en\/wp-json\/wp\/v2\/pages\/568","targetHints":{"allow":["GET"]}}],"collection":[{"href":"https:\/\/laflambeedescouleurs.ca\/en\/wp-json\/wp\/v2\/pages"}],"about":[{"href":"https:\/\/laflambeedescouleurs.ca\/en\/wp-json\/wp\/v2\/types\/page"}],"author":[{"embeddable":true,"href":"https:\/\/laflambeedescouleurs.ca\/en\/wp-json\/wp\/v2\/users\/4"}],"replies":[{"embeddable":true,"href":"https:\/\/laflambeedescouleurs.ca\/en\/wp-json\/wp\/v2\/comments?post=568"}],"version-history":[{"count":22,"href":"https:\/\/laflambeedescouleurs.ca\/en\/wp-json\/wp\/v2\/pages\/568\/revisions"}],"predecessor-version":[{"id":630,"href":"https:\/\/laflambeedescouleurs.ca\/en\/wp-json\/wp\/v2\/pages\/568\/revisions\/630"}],"wp:featuredmedia":[{"embeddable":true,"href":"https:\/\/laflambeedescouleurs.ca\/en\/wp-json\/wp\/v2\/media\/425"}],"wp:attachment":[{"href":"https:\/\/laflambeedescouleurs.ca\/en\/wp-json\/wp\/v2\/media?parent=568"}],"curies":[{"name":"wp","href":"https:\/\/api.w.org\/{rel}","templated":true}]}}